{"id":1454,"date":"2024-10-02T12:27:12","date_gmt":"2024-10-02T10:27:12","guid":{"rendered":"https:\/\/www.legradmetal.hr\/?page_id=1454"},"modified":"2025-07-25T14:44:27","modified_gmt":"2025-07-25T12:44:27","slug":"proizvodi","status":"publish","type":"page","link":"https:\/\/www.legradmetal.hr\/en\/proizvodi\/","title":{"rendered":"Products"},"content":{"rendered":"<style>.elementor-1454 .elementor-element.elementor-element-7e35bc4{--display:flex;--min-height:90vh;--flex-direction:row;--container-widget-width:calc( ( 1 - var( --container-widget-flex-grow ) ) * 100% );--container-widget-height:100%;--container-widget-flex-grow:1;--container-widget-align-self:stretch;--flex-wrap-mobile:wrap;--align-items:stretch;--gap:10px 10px;--row-gap:10px;--column-gap:10px;--overlay-opacity:1;--padding-top:160px;--padding-bottom:160px;--padding-left:0px;--padding-right:0px;--z-index:0;}.elementor-1454 .elementor-element.elementor-element-7e35bc4:not(.elementor-motion-effects-element-type-background), .elementor-1454 .elementor-element.elementor-element-7e35bc4 > .elementor-motion-effects-container > .elementor-motion-effects-layer{background-color:#6EC1E400;background-image:url(\"https:\/\/www.legradmetal.hr\/wp-content\/uploads\/2024\/10\/dl.jpg\");background-position:center center;background-repeat:no-repeat;background-size:cover;}.elementor-1454 .elementor-element.elementor-element-7e35bc4::before, .elementor-1454 .elementor-element.elementor-element-7e35bc4 > .elementor-background-video-container::before, .elementor-1454 .elementor-element.elementor-element-7e35bc4 > .e-con-inner > .elementor-background-video-container::before, .elementor-1454 .elementor-element.elementor-element-7e35bc4 > .elementor-background-slideshow::before, .elementor-1454 .elementor-element.elementor-element-7e35bc4 > .e-con-inner > .elementor-background-slideshow::before, .elementor-1454 .elementor-element.elementor-element-7e35bc4 > .elementor-motion-effects-container > .elementor-motion-effects-layer::before{--background-overlay:'';background-color:transparent;background-image:linear-gradient(90deg, #00091DBF 32%, #F2295B00 28%);}.elementor-1454 .elementor-element.elementor-element-f1a1def{--display:flex;--justify-content:center;--margin-top:0%;--margin-bottom:0%;--margin-left:1%;--margin-right:49%;--padding-top:0px;--padding-bottom:0px;--padding-left:0px;--padding-right:0px;}.elementor-1454 .elementor-element.elementor-element-b6b0c67 .elementor-heading-title{font-family:var( --e-global-typography-2bda2d2-font-family ), Sans-serif;font-size:var( --e-global-typography-2bda2d2-font-size );font-weight:var( --e-global-typography-2bda2d2-font-weight );line-height:var( --e-global-typography-2bda2d2-line-height );letter-spacing:var( --e-global-typography-2bda2d2-letter-spacing );word-spacing:var( --e-global-typography-2bda2d2-word-spacing );text-shadow:2px 2px 0px rgba(0,0,0,0.3);color:#FFFFFF;}.elementor-1454 .elementor-element.elementor-element-fee9001{--display:flex;--flex-direction:column;--container-widget-width:100%;--container-widget-height:initial;--container-widget-flex-grow:0;--container-widget-align-self:initial;--flex-wrap-mobile:wrap;--padding-top:150px;--padding-bottom:150px;--padding-left:0px;--padding-right:0px;}.elementor-1454 .elementor-element.elementor-element-fee9001:not(.elementor-motion-effects-element-type-background), .elementor-1454 .elementor-element.elementor-element-fee9001 > .elementor-motion-effects-container > .elementor-motion-effects-layer{background-color:#0D0D0D;}.elementor-1454 .elementor-element.elementor-element-786f003{text-align:center;}.elementor-1454 .elementor-element.elementor-element-786f003 .elementor-heading-title{font-family:\"Kanit\", Sans-serif;font-size:34px;font-weight:500;line-height:1em;color:#FFFFFF;}.elementor-1454 .elementor-element.elementor-element-5ff3b5b{text-align:center;}.elementor-1454 .elementor-element.elementor-element-5ff3b5b .elementor-heading-title{font-family:\"Kanit\", Sans-serif;font-size:34px;font-weight:500;line-height:1em;color:#FFFFFF;}.elementor-1454 .elementor-element.elementor-element-9b511fd{text-align:center;}.elementor-1454 .elementor-element.elementor-element-9b511fd .elementor-heading-title{font-family:\"Kanit\", Sans-serif;font-size:34px;font-weight:500;line-height:1em;color:#FFFFFF;}.elementor-1454 .elementor-element.elementor-element-784b3a7{text-align:center;}.elementor-1454 .elementor-element.elementor-element-784b3a7 .elementor-heading-title{font-family:\"Kanit\", Sans-serif;font-size:34px;font-weight:500;line-height:1em;color:#FFFFFF;}.elementor-1454 .elementor-element.elementor-element-5c6cf2f{text-align:center;}.elementor-1454 .elementor-element.elementor-element-5c6cf2f .elementor-heading-title{font-family:\"Kanit\", Sans-serif;font-size:34px;font-weight:500;line-height:1em;color:#FFFFFF;}.elementor-1454 .elementor-element.elementor-element-a50fc0a{text-align:center;}.elementor-1454 .elementor-element.elementor-element-a50fc0a .elementor-heading-title{font-family:\"Kanit\", Sans-serif;font-size:34px;font-weight:500;line-height:1em;color:#FFFFFF;}@media(max-width:1024px){.elementor-1454 .elementor-element.elementor-element-7e35bc4:not(.elementor-motion-effects-element-type-background), .elementor-1454 .elementor-element.elementor-element-7e35bc4 > .elementor-motion-effects-container > .elementor-motion-effects-layer{background-position:center center;background-size:cover;}.elementor-1454 .elementor-element.elementor-element-7e35bc4{--padding-top:80px;--padding-bottom:80px;--padding-left:20px;--padding-right:10px;}.elementor-1454 .elementor-element.elementor-element-f1a1def{--margin-top:0%;--margin-bottom:0%;--margin-left:2%;--margin-right:0%;--padding-top:40px;--padding-bottom:40px;--padding-left:40px;--padding-right:40px;}.elementor-1454 .elementor-element.elementor-element-b6b0c67 .elementor-heading-title{font-size:var( --e-global-typography-2bda2d2-font-size );line-height:var( --e-global-typography-2bda2d2-line-height );letter-spacing:var( --e-global-typography-2bda2d2-letter-spacing );word-spacing:var( --e-global-typography-2bda2d2-word-spacing );}}@media(max-width:767px){.elementor-1454 .elementor-element.elementor-element-7e35bc4{--padding-top:40px;--padding-bottom:40px;--padding-left:20px;--padding-right:20px;}.elementor-1454 .elementor-element.elementor-element-f1a1def{--margin-top:0px;--margin-bottom:0px;--margin-left:0px;--margin-right:0px;--padding-top:20px;--padding-bottom:20px;--padding-left:20px;--padding-right:20px;}.elementor-1454 .elementor-element.elementor-element-b6b0c67 .elementor-heading-title{font-size:var( --e-global-typography-2bda2d2-font-size );line-height:var( --e-global-typography-2bda2d2-line-height );letter-spacing:var( --e-global-typography-2bda2d2-letter-spacing );word-spacing:var( --e-global-typography-2bda2d2-word-spacing );}.elementor-1454 .elementor-element.elementor-element-786f003 .elementor-heading-title{font-size:38px;}.elementor-1454 .elementor-element.elementor-element-5ff3b5b .elementor-heading-title{font-size:38px;}.elementor-1454 .elementor-element.elementor-element-9b511fd .elementor-heading-title{font-size:38px;}.elementor-1454 .elementor-element.elementor-element-784b3a7 .elementor-heading-title{font-size:38px;}.elementor-1454 .elementor-element.elementor-element-5c6cf2f .elementor-heading-title{font-size:38px;}.elementor-1454 .elementor-element.elementor-element-a50fc0a .elementor-heading-title{font-size:38px;}}@media(min-width:768px){.elementor-1454 .elementor-element.elementor-element-7e35bc4{--content-width:1170px;}}@media(max-width:1024px) and (min-width:768px){.elementor-1454 .elementor-element.elementor-element-f1a1def{--width:65%;}}<\/style>\t\t<div data-elementor-type=\"wp-page\" data-elementor-id=\"1454\" class=\"elementor elementor-1454\" data-elementor-post-type=\"page\">\n\t\t\t\t<div class=\"has_eae_slider elementor-element elementor-element-7e35bc4 e-flex e-con-boxed e-con e-parent\" data-eae-slider=\"41435\" data-id=\"7e35bc4\" data-element_type=\"container\" data-e-type=\"container\" data-settings=\"{&quot;background_background&quot;:&quot;classic&quot;}\">\n\t\t\t\t\t<div class=\"e-con-inner\">\n\t\t<div class=\"has_eae_slider elementor-element elementor-element-f1a1def e-con-full e-flex e-con e-child\" data-eae-slider=\"31723\" data-id=\"f1a1def\" data-element_type=\"container\" data-e-type=\"container\">\n\t\t\t\t<div class=\"elementor-element elementor-element-b6b0c67 elementor-widget elementor-widget-heading\" data-id=\"b6b0c67\" data-element_type=\"widget\" data-e-type=\"widget\" data-widget_type=\"heading.default\">\n\t\t\t\t<div class=\"elementor-widget-container\">\n\t\t\t\t\t<h2 class=\"elementor-heading-title elementor-size-default\">Products<\/h2>\t\t\t\t<\/div>\n\t\t\t\t<\/div>\n\t\t\t\t<\/div>\n\t\t\t\t\t<\/div>\n\t\t\t\t<\/div>\n\t\t<div class=\"has_eae_slider elementor-element elementor-element-fee9001 e-flex e-con-boxed e-con e-parent\" data-eae-slider=\"21638\" data-id=\"fee9001\" data-element_type=\"container\" data-e-type=\"container\" data-settings=\"{&quot;background_background&quot;:&quot;classic&quot;}\">\n\t\t\t\t\t<div class=\"e-con-inner\">\n\t\t\t\t<div class=\"elementor-element elementor-element-786f003 elementor-widget elementor-widget-heading\" data-id=\"786f003\" data-element_type=\"widget\" data-e-type=\"widget\" data-widget_type=\"heading.default\">\n\t\t\t\t<div class=\"elementor-widget-container\">\n\t\t\t\t\t<h2 class=\"elementor-heading-title elementor-size-default\">Mechanical zero-point systems<\/h2>\t\t\t\t<\/div>\n\t\t\t\t<\/div>\n\t\t\t\t<div class=\"elementor-element elementor-element-5ff3b5b elementor-widget elementor-widget-heading\" data-id=\"5ff3b5b\" data-element_type=\"widget\" data-e-type=\"widget\" data-widget_type=\"heading.default\">\n\t\t\t\t<div class=\"elementor-widget-container\">\n\t\t\t\t\t<h2 class=\"elementor-heading-title elementor-size-default\">Automatic door open\/close unit<\/h2>\t\t\t\t<\/div>\n\t\t\t\t<\/div>\n\t\t\t\t<div class=\"elementor-element elementor-element-9b511fd elementor-widget elementor-widget-heading\" data-id=\"9b511fd\" data-element_type=\"widget\" data-e-type=\"widget\" data-widget_type=\"heading.default\">\n\t\t\t\t<div class=\"elementor-widget-container\">\n\t\t\t\t\t<h2 class=\"elementor-heading-title elementor-size-default\">Robot arm grippers<\/h2>\t\t\t\t<\/div>\n\t\t\t\t<\/div>\n\t\t\t\t<div class=\"elementor-element elementor-element-784b3a7 elementor-widget elementor-widget-heading\" data-id=\"784b3a7\" data-element_type=\"widget\" data-e-type=\"widget\" data-widget_type=\"heading.default\">\n\t\t\t\t<div class=\"elementor-widget-container\">\n\t\t\t\t\t<h2 class=\"elementor-heading-title elementor-size-default\">Welding tables<\/h2>\t\t\t\t<\/div>\n\t\t\t\t<\/div>\n\t\t\t\t<div class=\"elementor-element elementor-element-5c6cf2f elementor-widget elementor-widget-heading\" data-id=\"5c6cf2f\" data-element_type=\"widget\" data-e-type=\"widget\" data-widget_type=\"heading.default\">\n\t\t\t\t<div class=\"elementor-widget-container\">\n\t\t\t\t\t<h2 class=\"elementor-heading-title elementor-size-default\">Robotic cells<\/h2>\t\t\t\t<\/div>\n\t\t\t\t<\/div>\n\t\t\t\t<div class=\"elementor-element elementor-element-a50fc0a elementor-widget elementor-widget-heading\" data-id=\"a50fc0a\" data-element_type=\"widget\" data-e-type=\"widget\" data-widget_type=\"heading.default\">\n\t\t\t\t<div class=\"elementor-widget-container\">\n\t\t\t\t\t<h2 class=\"elementor-heading-title elementor-size-default\">START button device<\/h2>\t\t\t\t<\/div>\n\t\t\t\t<\/div>\n\t\t\t\t\t<\/div>\n\t\t\t\t<\/div>\n\t\t\t\t<\/div>","protected":false},"excerpt":{"rendered":"<p>Proizvodi Mehani\u010dki nul-punkt sistemi Ure\u0111aj za automatsko otvaranje i zatvaranje vrata \u010celjusti za robotsku ruku Zavariva\u010dki stolovi Robotske \u010delije Ure\u0111aj za tipku START<\/p>","protected":false},"author":1,"featured_media":0,"parent":0,"menu_order":0,"comment_status":"closed","ping_status":"closed","template":"elementor_header_footer","meta":{"footnotes":""},"class_list":["post-1454","page","type-page","status-publish","hentry"],"_links":{"self":[{"href":"https:\/\/www.legradmetal.hr\/en\/wp-json\/wp\/v2\/pages\/1454","targetHints":{"allow":["GET"]}}],"collection":[{"href":"https:\/\/www.legradmetal.hr\/en\/wp-json\/wp\/v2\/pages"}],"about":[{"href":"https:\/\/www.legradmetal.hr\/en\/wp-json\/wp\/v2\/types\/page"}],"author":[{"embeddable":true,"href":"https:\/\/www.legradmetal.hr\/en\/wp-json\/wp\/v2\/users\/1"}],"replies":[{"embeddable":true,"href":"https:\/\/www.legradmetal.hr\/en\/wp-json\/wp\/v2\/comments?post=1454"}],"version-history":[{"count":16,"href":"https:\/\/www.legradmetal.hr\/en\/wp-json\/wp\/v2\/pages\/1454\/revisions"}],"predecessor-version":[{"id":1605,"href":"https:\/\/www.legradmetal.hr\/en\/wp-json\/wp\/v2\/pages\/1454\/revisions\/1605"}],"wp:attachment":[{"href":"https:\/\/www.legradmetal.hr\/en\/wp-json\/wp\/v2\/media?parent=1454"}],"curies":[{"name":"wp","href":"https:\/\/api.w.org\/{rel}","templated":true}]}}